{"id":26,"date":"2018-06-21T14:16:05","date_gmt":"2018-06-21T12:16:05","guid":{"rendered":"http:\/\/192.168.178.199\/wordpress\/?page_id=26"},"modified":"2018-12-17T12:42:29","modified_gmt":"2018-12-17T11:42:29","slug":"projekte","status":"publish","type":"page","link":"https:\/\/halbergmbh.de\/?page_id=26","title":{"rendered":"Referenzen"},"content":{"rendered":"<p><strong>Ein Auszug aus unserer Kundenliste:<\/strong><\/p>\n<p>Tauschke <a href=\"http:\/\/www.tauschke-gmbh.de\" target=\"_blank\" rel=\"noopener\">www.tauschke-gmbh.de<\/a><\/p>\n<p>Menke <a href=\"http:\/\/www.menke.st\" target=\"_blank\" rel=\"noopener\">www.menke.st<\/a><\/p>\n<p>Pril <a href=\"http:\/\/www.stahlbau-pril.de\" target=\"_blank\" rel=\"noopener\">www.stahlbau-pril.de<\/a><\/p>\n<p>Selz GmbH <a href=\"http:\/\/www.selz-fertigbau.de\" target=\"_blank\" rel=\"noopener\">www.selz-fertigbau.de<\/a><\/p>\n<p>Liesch <a href=\"http:\/\/www.lieschstahlbau.de\" target=\"_blank\" rel=\"noopener\">www.lieschstahlbau.de<\/a><\/p>\n<p>GlobalUsed <a href=\"http:\/\/www.global-used.com\" target=\"_blank\" rel=\"noopener\">www.global-used.com<\/a><\/p>\n<p>Hilker <a href=\"http:\/\/www.hilker.com\" target=\"_blank\" rel=\"noopener\">www.hilker.com<\/a><\/p>\n<p>Seitz <a href=\"http:\/\/www.seitz-stahl-metall.de\" target=\"_blank\" rel=\"noopener\">www.seitz-stahl-metall.de<\/a><\/p>\n<p>Hildebrand <a href=\"http:\/\/www.hildebrand-stahlbau.de\" target=\"_blank\" rel=\"noopener\">www.hildebrand-stahlbau.de<\/a><\/p>\n<p>Kranen <a href=\"http:\/\/www.hildebrand-stahlbau.de\" target=\"_blank\" rel=\"noopener\">www.stahlbau-kranen.de<\/a><\/p>\n<p>Cosmos <a href=\"http:\/\/www.cosmos-hallensysteme.de\" target=\"_blank\" rel=\"noopener\">www.cosmos-hallensysteme.de<\/a><\/p>\n<p>Bremer <a href=\"http:\/\/www.bremer-stahlbau.de\" target=\"_blank\" rel=\"noopener\">www.bremer-stahlbau.de<\/a><\/p>\n<p>Bischof <a href=\"http:\/\/www.bischof-stahlbau.de\" target=\"_blank\" rel=\"noopener\">www.bischof-stahlbau.de<\/a><\/p>\n<p>DS <a href=\"http:\/\/www.dsstahl.de\" target=\"_blank\" rel=\"noopener\">www.dsstahl.de<\/a><\/p>\n<p>Give <a href=\"http:\/\/www.givestaalspaer.dk\" target=\"_blank\" rel=\"noopener\">www.givestaalspaer.dk<\/a><\/p>\n<p>Dansk St\u00e5lsp\u00e6r<a href=\"http:\/\/www.danskstaalspaer.dk\" target=\"_blank\" rel=\"noopener\">www.danskstaalspaer.dk<\/a><\/p>\n<p>CSK <a href=\"http:\/\/www.csk.lv\" target=\"_blank\" rel=\"noopener\">www.csk.lv<\/a><\/p>\n<p>Bel\u00f8 <a href=\"http:\/\/www.beloe.dk\" target=\"_blank\" rel=\"noopener\">www.beloe.dk<\/a><\/p>\n<p>L\u00e6ss\u00f8e Simonsen <a href=\"http:\/\/www.hal.dk\" target=\"_blank\" rel=\"noopener\">www.hal.dk<\/a><\/p>\n<p>Booms-Pastoors Stahl- und Hallenbau GmbH <a href=\"http:\/\/www.booms-pastoors.de\" target=\"_blank\" rel=\"noopener\">www.booms-pastoors.de<\/a><\/p>\n<p>Rank Steel <a href=\"http:\/\/www.ranksteel.dk\" target=\"_blank\" rel=\"noopener\">www.ranksteel.dk<\/a><\/p>\n<p>Seiler <a href=\"http:\/\/www.hallenbau-seiler.de\">www.hallebau-seiler.de<\/a><\/p>\n","protected":false},"excerpt":{"rendered":"<p>Ein Auszug aus unserer Kundenliste: Tauschke www.tauschke-gmbh.de Menke www.menke.st Pril www.stahlbau-pril.de Selz GmbH www.selz-fertigbau.de Liesch www.lieschstahlbau.de GlobalUsed www.global-used.com Hilker www.hilker.com Seitz www.seitz-stahl-metall.de Hildebrand www.hildebrand-stahlbau.de Kranen www.stahlbau-kranen.de Cosmos www.cosmos-hallensysteme.de Bremer www.bremer-stahlbau.de Bischof www.bischof-stahlbau.de DS www.dsstahl.de Give www.givestaalspaer.dk Dansk St\u00e5lsp\u00e6rwww.danskstaalspaer.dk CSK www.csk.lv Bel\u00f8 www.beloe.dk L\u00e6ss\u00f8e Simonsen www.hal.dk Booms-Pastoors Stahl- und Hallenbau GmbH<\/p>\n<p><a class=\"btn btn-default\" href=\"https:\/\/halbergmbh.de\/?page_id=26\">Read More<\/a><\/p>\n","protected":false},"author":2,"featured_media":0,"parent":0,"menu_order":6,"comment_status":"closed","ping_status":"closed","template":"","meta":[],"_links":{"self":[{"href":"https:\/\/halbergmbh.de\/index.php?rest_route=\/wp\/v2\/pages\/26"}],"collection":[{"href":"https:\/\/halbergmbh.de\/index.php?rest_route=\/wp\/v2\/pages"}],"about":[{"href":"https:\/\/halbergmbh.de\/index.php?rest_route=\/wp\/v2\/types\/page"}],"author":[{"embeddable":true,"href":"https:\/\/halbergmbh.de\/index.php?rest_route=\/wp\/v2\/users\/2"}],"replies":[{"embeddable":true,"href":"https:\/\/halbergmbh.de\/index.php?rest_route=%2Fwp%2Fv2%2Fcomments&post=26"}],"version-history":[{"count":3,"href":"https:\/\/halbergmbh.de\/index.php?rest_route=\/wp\/v2\/pages\/26\/revisions"}],"predecessor-version":[{"id":147,"href":"https:\/\/halbergmbh.de\/index.php?rest_route=\/wp\/v2\/pages\/26\/revisions\/147"}],"wp:attachment":[{"href":"https:\/\/halbergmbh.de\/index.php?rest_route=%2Fwp%2Fv2%2Fmedia&parent=26"}],"curies":[{"name":"wp","href":"https:\/\/api.w.org\/{rel}","templated":true}]}}