{"id":24,"date":"2018-06-21T14:16:53","date_gmt":"2018-06-21T12:16:53","guid":{"rendered":"http:\/\/192.168.178.199\/wordpress\/?page_id=24"},"modified":"2018-12-17T12:27:38","modified_gmt":"2018-12-17T11:27:38","slug":"ueber-uns","status":"publish","type":"page","link":"https:\/\/halbergmbh.de\/","title":{"rendered":"Home"},"content":{"rendered":"<h1><strong>Herzlich Wilkommen<\/strong><\/h1>\n<p>Die Halber GmbH unterst\u00fctzt Sie mit Erstellung statischen Berechnungen f\u00fcr Ihre Stahlhallen-Projekte. Dabei verwenden wir selbstverst\u00e4ndlich unsere HALBER-Software, um schnell und materialeffizient arbeiten zu k\u00f6nnen.<\/p>\n<p>Gerne unterbreiten wir ein Ihnen hierf\u00fcr ein Angebot. Bitte wenden Sie sich mit Ihrer Anfrage \u00fcber 0531\/48289560 oder <a href=\"mailto:weilert@halbergmbh.de\">weilert@halbergmbh.de<\/a> an Herrn Dipl.-Ing. Kai Weilert.<\/p>\n","protected":false},"excerpt":{"rendered":"<p>Herzlich Wilkommen Die Halber GmbH unterst\u00fctzt Sie mit Erstellung statischen Berechnungen f\u00fcr Ihre Stahlhallen-Projekte. Dabei verwenden wir selbstverst\u00e4ndlich unsere HALBER-Software, um schnell und materialeffizient arbeiten zu k\u00f6nnen. Gerne unterbreiten wir ein Ihnen hierf\u00fcr ein Angebot. Bitte wenden Sie sich mit Ihrer Anfrage \u00fcber 0531\/48289560 oder weilert@halbergmbh.de an Herrn Dipl.-Ing. Kai<\/p>\n<p><a class=\"btn btn-default\" href=\"https:\/\/halbergmbh.de\/\">Read More<\/a><\/p>\n","protected":false},"author":2,"featured_media":0,"parent":0,"menu_order":1,"comment_status":"closed","ping_status":"closed","template":"","meta":[],"_links":{"self":[{"href":"https:\/\/halbergmbh.de\/index.php?rest_route=\/wp\/v2\/pages\/24"}],"collection":[{"href":"https:\/\/halbergmbh.de\/index.php?rest_route=\/wp\/v2\/pages"}],"about":[{"href":"https:\/\/halbergmbh.de\/index.php?rest_route=\/wp\/v2\/types\/page"}],"author":[{"embeddable":true,"href":"https:\/\/halbergmbh.de\/index.php?rest_route=\/wp\/v2\/users\/2"}],"replies":[{"embeddable":true,"href":"https:\/\/halbergmbh.de\/index.php?rest_route=%2Fwp%2Fv2%2Fcomments&post=24"}],"version-history":[{"count":2,"href":"https:\/\/halbergmbh.de\/index.php?rest_route=\/wp\/v2\/pages\/24\/revisions"}],"predecessor-version":[{"id":156,"href":"https:\/\/halbergmbh.de\/index.php?rest_route=\/wp\/v2\/pages\/24\/revisions\/156"}],"wp:attachment":[{"href":"https:\/\/halbergmbh.de\/index.php?rest_route=%2Fwp%2Fv2%2Fmedia&parent=24"}],"curies":[{"name":"wp","href":"https:\/\/api.w.org\/{rel}","templated":true}]}}