{"id":120,"date":"2018-06-28T16:35:54","date_gmt":"2018-06-28T14:35:54","guid":{"rendered":"http:\/\/192.168.178.199\/wordpress\/?page_id=120"},"modified":"2020-03-03T14:26:04","modified_gmt":"2020-03-03T13:26:04","slug":"impressum","status":"publish","type":"page","link":"https:\/\/halbergmbh.de\/?page_id=120","title":{"rendered":"Impressum"},"content":{"rendered":"<h3><strong>Halber GmbH<\/strong><\/h3>\n<p>Wolfenb\u00fctteler Str. 22<br \/>\n38102 Braunschweig<br \/>\nGermany<\/p>\n<p>Tel.: 0531 \/ 48289560<br \/>\nFax: 0531 \/ 48289566<br \/>\ne-mail: \u00a0 <u><a href=\"mailto:info%40halbergmbh.de\">info@halbergmbh.de<\/a><\/u><\/p>\n<p>Internet: <u><a href=\"http:\/\/www.halbergmbh.de\/\">www.halbergmbh.de<\/a><\/u><\/p>\n<p><strong>Vertretungsberechtigter Gesch\u00e4ftsf\u00fchrer:<\/strong><br \/>\nKai Weilert<\/p>\n<p><strong>Registergericht:<\/strong><br \/>\nAmtsgericht Braunschweig<br \/>\nRegisternummer: HRB 201141<\/p>\n<p><strong>Umsatzsteuer-Identifikationsnummer<\/strong><br \/>\ngem. \u00a727a Umsatzsteuergesetz:<br \/>\nDE258725519<\/p>\n<p>Die Vervielf\u00e4ltigung von Informationen oder Daten, insbesondere die Verwendung von Texten, Textteilen oder Bildmaterial bedarf der vorherigen Zustimmungen.<br \/>\nS\u00e4mtliche Informationen oder Daten, ihre Nutzung und die Anmeldung unserer Website sowie s\u00e4mtliches mit unserer Website zusammenh\u00e4ngendes Tun, Dulden oder Unterlassen unterliegen ausschlie\u00dflich deutschem Recht. Erf\u00fcllungsort und ausschlie\u00dflicher Gerichtsstand ist Braunschweig.<\/p>\n<p>Am 12. Mai 1998 hat das Landgericht Hamburg entschieden, dass man durch die Anbringung eines Links die Inhalte der gelinkten Seite ggf. mitzuverantworten hat (Aktenzeichen 312 0 85\/98). Dies kann &#8211; so das Hamburger Landgericht &#8211; nur dadurch verhindert werden, dass man sich ausdr\u00fccklich von diesen Inhalten distanziert.<br \/>\nDeshalb gilt f\u00fcr alle Links, die sich auf unserer Site befinden, folgendes: F\u00fcr den Inhalt der einzelnen gelinkten Homepages ist ausschlie\u00dflich der betreffende Autor selbst verantwortlich; sie dienen lediglich Informationszwecken und wir machen uns diese Inhalte nicht zu Eigen! Wir m\u00f6chten ausdr\u00fccklich betonen, dass wir keinerlei Einfluss auf die Gestaltung und die Inhalte der von uns gelinkten Seiten haben und deshalb keinerlei Haftung \u00fcbernehmen.<br \/>\nFalls die Links zu Seiten f\u00fchren, die illegale Inhalte haben und gegen bestehendes Recht versto\u00dfen oder Ihre pers\u00f6nlichen Rechte verletzen, bitten wir um einen offiziellen Hinweis; ein Anwalt braucht hierzu nicht eingeschaltet zu werden.<\/p>\n","protected":false},"excerpt":{"rendered":"<p>Halber GmbH Wolfenb\u00fctteler Str. 22 38102 Braunschweig Germany Tel.: 0531 \/ 48289560 Fax: 0531 \/ 48289566 e-mail: \u00a0 info@halbergmbh.de Internet: www.halbergmbh.de Vertretungsberechtigter Gesch\u00e4ftsf\u00fchrer: Kai Weilert Registergericht: Amtsgericht Braunschweig Registernummer: HRB 201141 Umsatzsteuer-Identifikationsnummer gem. \u00a727a Umsatzsteuergesetz: DE258725519 Die Vervielf\u00e4ltigung von Informationen oder Daten, insbesondere die Verwendung von Texten, Textteilen oder Bildmaterial<\/p>\n<p><a class=\"btn btn-default\" href=\"https:\/\/halbergmbh.de\/?page_id=120\">Read More<\/a><\/p>\n","protected":false},"author":2,"featured_media":0,"parent":0,"menu_order":7,"comment_status":"closed","ping_status":"closed","template":"","meta":[],"_links":{"self":[{"href":"https:\/\/halbergmbh.de\/index.php?rest_route=\/wp\/v2\/pages\/120"}],"collection":[{"href":"https:\/\/halbergmbh.de\/index.php?rest_route=\/wp\/v2\/pages"}],"about":[{"href":"https:\/\/halbergmbh.de\/index.php?rest_route=\/wp\/v2\/types\/page"}],"author":[{"embeddable":true,"href":"https:\/\/halbergmbh.de\/index.php?rest_route=\/wp\/v2\/users\/2"}],"replies":[{"embeddable":true,"href":"https:\/\/halbergmbh.de\/index.php?rest_route=%2Fwp%2Fv2%2Fcomments&post=120"}],"version-history":[{"count":2,"href":"https:\/\/halbergmbh.de\/index.php?rest_route=\/wp\/v2\/pages\/120\/revisions"}],"predecessor-version":[{"id":162,"href":"https:\/\/halbergmbh.de\/index.php?rest_route=\/wp\/v2\/pages\/120\/revisions\/162"}],"wp:attachment":[{"href":"https:\/\/halbergmbh.de\/index.php?rest_route=%2Fwp%2Fv2%2Fmedia&parent=120"}],"curies":[{"name":"wp","href":"https:\/\/api.w.org\/{rel}","templated":true}]}}