{"id":114,"date":"2018-06-28T16:34:36","date_gmt":"2018-06-28T14:34:36","guid":{"rendered":"http:\/\/192.168.178.199\/wordpress\/?page_id=114"},"modified":"2018-12-17T12:26:39","modified_gmt":"2018-12-17T11:26:39","slug":"tragwerksplanung","status":"publish","type":"page","link":"https:\/\/halbergmbh.de\/?page_id=114","title":{"rendered":"Tragwerksplanung"},"content":{"rendered":"<p>Die Halber GmbH unterst\u00fctzt Sie mit Erstellung statischen Berechnungen f\u00fcr Ihre Stahlhallen-Projekte. Dabei verwenden wir selbstverst\u00e4ndlich unsere HALBER-Software, um schnell und materialeffizient arbeiten zu k\u00f6nnen.<\/p>\n<p>Gerne unterbreiten wir ein Ihnen hierf\u00fcr ein Angebot. Bitte wenden Sie sich mit Ihrer Anfrage \u00fcber 0531\/48289560 oder <a href=\"mailto:weilert@halbergmbh.de\">weilert@halbergmbh.de<\/a> an Herrn Dipl.-Ing. Kai Weilert.<\/p>\n","protected":false},"excerpt":{"rendered":"<p>Die Halber GmbH unterst\u00fctzt Sie mit Erstellung statischen Berechnungen f\u00fcr Ihre Stahlhallen-Projekte. Dabei verwenden wir selbstverst\u00e4ndlich unsere HALBER-Software, um schnell und materialeffizient arbeiten zu k\u00f6nnen. Gerne unterbreiten wir ein Ihnen hierf\u00fcr ein Angebot. Bitte wenden Sie sich mit Ihrer Anfrage \u00fcber 0531\/48289560 oder weilert@halbergmbh.de an Herrn Dipl.-Ing. Kai Weilert.<\/p>\n","protected":false},"author":2,"featured_media":0,"parent":0,"menu_order":3,"comment_status":"closed","ping_status":"closed","template":"","meta":[],"_links":{"self":[{"href":"https:\/\/halbergmbh.de\/index.php?rest_route=\/wp\/v2\/pages\/114"}],"collection":[{"href":"https:\/\/halbergmbh.de\/index.php?rest_route=\/wp\/v2\/pages"}],"about":[{"href":"https:\/\/halbergmbh.de\/index.php?rest_route=\/wp\/v2\/types\/page"}],"author":[{"embeddable":true,"href":"https:\/\/halbergmbh.de\/index.php?rest_route=\/wp\/v2\/users\/2"}],"replies":[{"embeddable":true,"href":"https:\/\/halbergmbh.de\/index.php?rest_route=%2Fwp%2Fv2%2Fcomments&post=114"}],"version-history":[{"count":1,"href":"https:\/\/halbergmbh.de\/index.php?rest_route=\/wp\/v2\/pages\/114\/revisions"}],"predecessor-version":[{"id":141,"href":"https:\/\/halbergmbh.de\/index.php?rest_route=\/wp\/v2\/pages\/114\/revisions\/141"}],"wp:attachment":[{"href":"https:\/\/halbergmbh.de\/index.php?rest_route=%2Fwp%2Fv2%2Fmedia&parent=114"}],"curies":[{"name":"wp","href":"https:\/\/api.w.org\/{rel}","templated":true}]}}